{"id":43,"date":"2024-11-11T08:25:47","date_gmt":"2024-11-11T07:25:47","guid":{"rendered":"https:\/\/www.hereness.de\/?page_id=43"},"modified":"2024-11-29T13:26:35","modified_gmt":"2024-11-29T12:26:35","slug":"landwirtschaftliche-produkte","status":"publish","type":"page","link":"https:\/\/www.hereness.de\/en\/landwirtschaftliche-produkte","title":{"rendered":"Agricultural products"},"content":{"rendered":"<section class=\"wpb-content-wrapper\"><p><\/p>\n<p>[vc_row el_class=&#8221;products-catalog&#8221;][vc_column width=&#8221;2\/12&#8243;][\/vc_column][vc_column width=&#8221;8\/12&#8243;][vc_column_text]<\/p>\n<h2 class=\"text-center\">We offer the following agricultural products<\/h2>\n<p>[\/vc_column_text][vc_column_text]<div class='vc_row wpb_row vc_row-fluid'>\r\n        <div class=\"prod-grid vc_row wpb_row vc_row-fluid  vc_row-o-content-middle vc_row-flex\">\r\n            <div class=\"wpb_column vc_column_container vc_col-sm-6\">\r\n                <div class=\"vc_column-inner\">\r\n                    <div class=\"wpb_wrapper\">\r\n                \t    <div class=\"wpb_text_column wpb_content_element  wpb_fadeInLeft fadeInLeft wpb_start_animation\">\r\n                    \t\t<div class=\"wpb_wrapper\">\r\n \r\n \r\n                <div class=\"infobl blink\">\r\n                    <img decoding=\"async\" class=\"minilabel\" src=\"\/wp-content\/uploads\/2024\/11\/hereness-yellow-300x86.webp\" alt=\"Hereness\">\r\n        \t\t\t<a href=\"https:\/\/www.hereness.de\/en\/produkte\/sonnenblumenkuchen\">\r\n                    <div class=\"info-img\">\r\n                        <img src='https:\/\/www.hereness.de\/wp-content\/uploads\/2024\/11\/sonnenblumenkuchen-768x512.webp' alt='Sunflower cake'>\r\n                            <div class=\"info-overlay\"><\/div>\r\n        \t\t\t<\/div>\r\n        \t\t\t<\/a>\r\n                <\/div>\r\n                \r\n                \r\n                    \t\t<\/div>\r\n                \t    <\/div>\r\n                    <\/div>\r\n                <\/div>\r\n            <\/div>\r\n        \r\n            <div class=\"wpb_column vc_column_container vc_col-sm-6\">\r\n                <div class=\"vc_column-inner\">\r\n                    <div class=\"wpb_wrapper\">\r\n                \t    <div class=\"wpb_text_column wpb_content_element  wpb_fadeInRight fadeInRight product-descr wpb_start_animation \">\r\n                    \t\t<div class=\"wpb_wrapper\">\r\n                    \t\t\t<h3><a href=\"https:\/\/www.hereness.de\/en\/produkte\/sonnenblumenkuchen\">Sunflower cake<\/a><\/h3>\r\n                                    <div><p>Sunflower cake is a natural product, rich in proteins and fiber, used in feed mixtures for animals or as an additive to feed.<\/p><\/div>\r\n                                    <a class=\"btn-default\" href=\"https:\/\/www.hereness.de\/en\/produkte\/sonnenblumenkuchen\">All products<\/a>\r\n                    \t\t<\/div>\r\n                \t   <\/div>\r\n                    <\/div>\r\n                <\/div>\r\n            <\/div>\r\n        <\/div>\r\n           <hr>\r\n           \r\n        <div class=\"prod-grid vc_row wpb_row vc_row-fluid vc_rtl-columns-reverse vc_row-o-content-middle vc_row-flex\">\r\n            <div class=\"wpb_column vc_column_container vc_col-sm-6\">\r\n                <div class=\"vc_column-inner\">\r\n                    <div class=\"wpb_wrapper\">\r\n                \t    <div class=\"wpb_text_column wpb_content_element  wpb_fadeInLeft fadeInLeft wpb_start_animation\">\r\n                    \t\t<div class=\"wpb_wrapper\">\r\n \r\n \r\n                <div class=\"infobl blink\">\r\n                    <img decoding=\"async\" class=\"minilabel\" src=\"\/wp-content\/uploads\/2024\/11\/hereness-yellow-300x86.webp\" alt=\"Hereness\">\r\n        \t\t\t<a href=\"https:\/\/www.hereness.de\/en\/produkte\/sonnenblumenschrot\">\r\n                    <div class=\"info-img\">\r\n                        <img src='https:\/\/www.hereness.de\/wp-content\/uploads\/2024\/11\/sonnenblumenschrot-768x512.webp' alt='Sunflower seed meal'>\r\n                            <div class=\"info-overlay\"><\/div>\r\n        \t\t\t<\/div>\r\n        \t\t\t<\/a>\r\n                <\/div>\r\n                \r\n                \r\n                    \t\t<\/div>\r\n                \t    <\/div>\r\n                    <\/div>\r\n                <\/div>\r\n            <\/div>\r\n        \r\n            <div class=\"wpb_column vc_column_container vc_col-sm-6\">\r\n                <div class=\"vc_column-inner\">\r\n                    <div class=\"wpb_wrapper\">\r\n                \t    <div class=\"wpb_text_column wpb_content_element  wpb_fadeInRight fadeInRight product-descr wpb_start_animation \">\r\n                    \t\t<div class=\"wpb_wrapper\">\r\n                    \t\t\t<h3><a href=\"https:\/\/www.hereness.de\/en\/produkte\/sonnenblumenschrot\">Sunflower seed meal<\/a><\/h3>\r\n                                    <div><p>Sunflower meal is a high-value fodder product obtained after pressing oil from sunflower seeds.<\/p>\r\n<p>It is used in feeding agricultural animals due to its high protein and fiber content.<\/p><\/div>\r\n                                    <a class=\"btn-default\" href=\"https:\/\/www.hereness.de\/en\/produkte\/sonnenblumenschrot\">All products<\/a>\r\n                    \t\t<\/div>\r\n                \t   <\/div>\r\n                    <\/div>\r\n                <\/div>\r\n            <\/div>\r\n        <\/div>\r\n           <hr>\r\n           \r\n        <div class=\"prod-grid vc_row wpb_row vc_row-fluid  vc_row-o-content-middle vc_row-flex\">\r\n            <div class=\"wpb_column vc_column_container vc_col-sm-6\">\r\n                <div class=\"vc_column-inner\">\r\n                    <div class=\"wpb_wrapper\">\r\n                \t    <div class=\"wpb_text_column wpb_content_element  wpb_fadeInLeft fadeInLeft wpb_start_animation\">\r\n                    \t\t<div class=\"wpb_wrapper\">\r\n \r\n \r\n                <div class=\"infobl blink\">\r\n                    <img decoding=\"async\" class=\"minilabel\" src=\"\/wp-content\/uploads\/2024\/11\/hereness-yellow-300x86.webp\" alt=\"Hereness\">\r\n        \t\t\t<a href=\"https:\/\/www.hereness.de\/en\/produkte\/sojakuchen\">\r\n                    <div class=\"info-img\">\r\n                        <img src='https:\/\/www.hereness.de\/wp-content\/uploads\/2024\/11\/sojakuchen-768x512.webp' alt='Soy cake'>\r\n                            <div class=\"info-overlay\"><\/div>\r\n        \t\t\t<\/div>\r\n        \t\t\t<\/a>\r\n                <\/div>\r\n                \r\n                \r\n                    \t\t<\/div>\r\n                \t    <\/div>\r\n                    <\/div>\r\n                <\/div>\r\n            <\/div>\r\n        \r\n            <div class=\"wpb_column vc_column_container vc_col-sm-6\">\r\n                <div class=\"vc_column-inner\">\r\n                    <div class=\"wpb_wrapper\">\r\n                \t    <div class=\"wpb_text_column wpb_content_element  wpb_fadeInRight fadeInRight product-descr wpb_start_animation \">\r\n                    \t\t<div class=\"wpb_wrapper\">\r\n                    \t\t\t<h3><a href=\"https:\/\/www.hereness.de\/en\/produkte\/sojakuchen\">Soy cake<\/a><\/h3>\r\n                                    <div><p>Soybean cake is a product that remains after the extraction of oil from soybeans. <\/p>\r\n\r\n<p>It is rich in proteins and fats, used as animal feed and in agro-industry.<\/p><\/div>\r\n                                    <a class=\"btn-default\" href=\"https:\/\/www.hereness.de\/en\/produkte\/sojakuchen\">All products<\/a>\r\n                    \t\t<\/div>\r\n                \t   <\/div>\r\n                    <\/div>\r\n                <\/div>\r\n            <\/div>\r\n        <\/div>\r\n           <hr>\r\n           \r\n        <div class=\"prod-grid vc_row wpb_row vc_row-fluid vc_rtl-columns-reverse vc_row-o-content-middle vc_row-flex\">\r\n            <div class=\"wpb_column vc_column_container vc_col-sm-6\">\r\n                <div class=\"vc_column-inner\">\r\n                    <div class=\"wpb_wrapper\">\r\n                \t    <div class=\"wpb_text_column wpb_content_element  wpb_fadeInLeft fadeInLeft wpb_start_animation\">\r\n                    \t\t<div class=\"wpb_wrapper\">\r\n \r\n \r\n                <div class=\"infobl blink\">\r\n                    <img decoding=\"async\" class=\"minilabel\" src=\"\/wp-content\/uploads\/2024\/11\/hereness-yellow-300x86.webp\" alt=\"Hereness\">\r\n        \t\t\t<a href=\"https:\/\/www.hereness.de\/en\/produkte\/sojaschrot\">\r\n                    <div class=\"info-img\">\r\n                        <img src='https:\/\/www.hereness.de\/wp-content\/uploads\/2024\/11\/sojaschrot-768x512.webp' alt='Soy meal'>\r\n                            <div class=\"info-overlay\"><\/div>\r\n        \t\t\t<\/div>\r\n        \t\t\t<\/a>\r\n                <\/div>\r\n                \r\n                \r\n                    \t\t<\/div>\r\n                \t    <\/div>\r\n                    <\/div>\r\n                <\/div>\r\n            <\/div>\r\n        \r\n            <div class=\"wpb_column vc_column_container vc_col-sm-6\">\r\n                <div class=\"vc_column-inner\">\r\n                    <div class=\"wpb_wrapper\">\r\n                \t    <div class=\"wpb_text_column wpb_content_element  wpb_fadeInRight fadeInRight product-descr wpb_start_animation \">\r\n                    \t\t<div class=\"wpb_wrapper\">\r\n                    \t\t\t<h3><a href=\"https:\/\/www.hereness.de\/en\/produkte\/sojaschrot\">Soy meal<\/a><\/h3>\r\n                                    <div><p>Soybean meal is a feed product obtained after removing the oil from soybeans.<\/p> \r\n\r\n<p>It has a high content of protein and amino acids, which makes it an important ingredient in animal feed, particularly in poultry and pig farming.<\/p><\/div>\r\n                                    <a class=\"btn-default\" href=\"https:\/\/www.hereness.de\/en\/produkte\/sojaschrot\">All products<\/a>\r\n                    \t\t<\/div>\r\n                \t   <\/div>\r\n                    <\/div>\r\n                <\/div>\r\n            <\/div>\r\n        <\/div>\r\n           <hr>\r\n           \r\n        <div class=\"prod-grid vc_row wpb_row vc_row-fluid  vc_row-o-content-middle vc_row-flex\">\r\n            <div class=\"wpb_column vc_column_container vc_col-sm-6\">\r\n                <div class=\"vc_column-inner\">\r\n                    <div class=\"wpb_wrapper\">\r\n                \t    <div class=\"wpb_text_column wpb_content_element  wpb_fadeInLeft fadeInLeft wpb_start_animation\">\r\n                    \t\t<div class=\"wpb_wrapper\">\r\n \r\n \r\n                <div class=\"infobl blink\">\r\n                    <img decoding=\"async\" class=\"minilabel\" src=\"\/wp-content\/uploads\/2024\/11\/hereness-yellow-300x86.webp\" alt=\"Hereness\">\r\n        \t\t\t<a href=\"https:\/\/www.hereness.de\/en\/produkte\/weizenkleie\">\r\n                    <div class=\"info-img\">\r\n                        <img src='https:\/\/www.hereness.de\/wp-content\/uploads\/2024\/11\/weizenkleie-768x512.webp' alt='Wheat bran'>\r\n                            <div class=\"info-overlay\"><\/div>\r\n        \t\t\t<\/div>\r\n        \t\t\t<\/a>\r\n                <\/div>\r\n                \r\n                \r\n                    \t\t<\/div>\r\n                \t    <\/div>\r\n                    <\/div>\r\n                <\/div>\r\n            <\/div>\r\n        \r\n            <div class=\"wpb_column vc_column_container vc_col-sm-6\">\r\n                <div class=\"vc_column-inner\">\r\n                    <div class=\"wpb_wrapper\">\r\n                \t    <div class=\"wpb_text_column wpb_content_element  wpb_fadeInRight fadeInRight product-descr wpb_start_animation \">\r\n                    \t\t<div class=\"wpb_wrapper\">\r\n                    \t\t\t<h3><a href=\"https:\/\/www.hereness.de\/en\/produkte\/weizenkleie\">Wheat bran<\/a><\/h3>\r\n                                    <div><p>Wheat bran is the crushed hulls of the wheat grain used as animal feed or an ingredient in the food industry due to its high fiber content and beneficial nutrients.<\/p><\/div>\r\n                                    <a class=\"btn-default\" href=\"https:\/\/www.hereness.de\/en\/produkte\/weizenkleie\">All products<\/a>\r\n                    \t\t<\/div>\r\n                \t   <\/div>\r\n                    <\/div>\r\n                <\/div>\r\n            <\/div>\r\n        <\/div>\r\n           <hr>\r\n           \r\n        <div class=\"prod-grid vc_row wpb_row vc_row-fluid vc_rtl-columns-reverse vc_row-o-content-middle vc_row-flex\">\r\n            <div class=\"wpb_column vc_column_container vc_col-sm-6\">\r\n                <div class=\"vc_column-inner\">\r\n                    <div class=\"wpb_wrapper\">\r\n                \t    <div class=\"wpb_text_column wpb_content_element  wpb_fadeInLeft fadeInLeft wpb_start_animation\">\r\n                    \t\t<div class=\"wpb_wrapper\">\r\n \r\n \r\n                <div class=\"infobl blink\">\r\n                    <img decoding=\"async\" class=\"minilabel\" src=\"\/wp-content\/uploads\/2024\/11\/hereness-yellow-300x86.webp\" alt=\"Hereness\">\r\n        \t\t\t<a href=\"https:\/\/www.hereness.de\/en\/produkte\/ruebenschnitzel-granuliert\">\r\n                    <div class=\"info-img\">\r\n                        <img src='https:\/\/www.hereness.de\/wp-content\/uploads\/2024\/11\/ruebenschnitzel-granuliert-768x512.webp' alt='Beet pulp (granulated)'>\r\n                            <div class=\"info-overlay\"><\/div>\r\n        \t\t\t<\/div>\r\n        \t\t\t<\/a>\r\n                <\/div>\r\n                \r\n                \r\n                    \t\t<\/div>\r\n                \t    <\/div>\r\n                    <\/div>\r\n                <\/div>\r\n            <\/div>\r\n        \r\n            <div class=\"wpb_column vc_column_container vc_col-sm-6\">\r\n                <div class=\"vc_column-inner\">\r\n                    <div class=\"wpb_wrapper\">\r\n                \t    <div class=\"wpb_text_column wpb_content_element  wpb_fadeInRight fadeInRight product-descr wpb_start_animation \">\r\n                    \t\t<div class=\"wpb_wrapper\">\r\n                    \t\t\t<h3><a href=\"https:\/\/www.hereness.de\/en\/produkte\/ruebenschnitzel-granuliert\">Beet pulp (granulated)<\/a><\/h3>\r\n                                    <div><p>Beet pulp (granulated) is a product formed after the processing of sugar beets, has a high fiber content and is used as animal feed or in the agricultural sector for fertilizers.<\/p><\/div>\r\n                                    <a class=\"btn-default\" href=\"https:\/\/www.hereness.de\/en\/produkte\/ruebenschnitzel-granuliert\">All products<\/a>\r\n                    \t\t<\/div>\r\n                \t   <\/div>\r\n                    <\/div>\r\n                <\/div>\r\n            <\/div>\r\n        <\/div>\r\n           <hr>\r\n           <\/div>[\/vc_column_text][\/vc_column][vc_column width=&#8221;2\/12&#8243;][\/vc_column][\/vc_row]<\/p>\n<p><\/p>\n<\/section>","protected":false},"excerpt":{"rendered":"<p>[vc_row el_class=&#8221;products-catalog&#8221;][vc_column width=&#8221;2\/12&#8243;][\/vc_column][vc_column width=&#8221;8\/12&#8243;][vc_column_text] We offer the following agricultural products [\/vc_column_text][vc_column_text][\/vc_column_text][\/vc_column][vc_column width=&#8221;2\/12&#8243;][\/vc_column][\/vc_row]<\/p>\n","protected":false},"author":1,"featured_media":0,"parent":0,"menu_order":0,"comment_status":"closed","ping_status":"closed","template":"","meta":{"footnotes":""},"class_list":["post-43","page","type-page","status-publish","hentry"],"acf":[],"yoast_head":"<!-- This site is optimized with the Yoast SEO plugin v23.0 - https:\/\/yoast.com\/wordpress\/plugins\/seo\/ -->\n<title>Agricultural products and processed products - Hereness GmbH<\/title>\n<meta name=\"description\" content=\"The catalog of agricultural products and processed products of our production includes sunflower and soybean meal, meal, bran, protein granules for feeding livestock at low prices\" \/>\n<meta name=\"robots\" content=\"index, follow, max-snippet:-1, max-image-preview:large, max-video-preview:-1\" \/>\n<link rel=\"canonical\" href=\"https:\/\/www.hereness.de\/en\/landwirtschaftliche-produkte\" \/>\n<meta property=\"og:locale\" content=\"en_US\" \/>\n<meta property=\"og:type\" content=\"article\" \/>\n<meta property=\"og:title\" content=\"Agricultural products and processed products - Hereness GmbH\" \/>\n<meta property=\"og:description\" content=\"The catalog of agricultural products and processed products of our production includes sunflower and soybean meal, meal, bran, protein granules for feeding livestock at low prices\" \/>\n<meta property=\"og:url\" content=\"https:\/\/www.hereness.de\/landwirtschaftliche-produkte\" \/>\n<meta property=\"og:site_name\" content=\"Hereness GmbH\" \/>\n<meta property=\"article:modified_time\" content=\"2024-11-29T12:26:35+00:00\" \/>\n<meta property=\"og:image\" content=\"https:\/\/www.hereness.de\/wp-content\/uploads\/2024\/11\/wellcome-og.webp\" \/>\n\t<meta property=\"og:image:width\" content=\"1080\" \/>\n\t<meta property=\"og:image:height\" content=\"1080\" \/>\n\t<meta property=\"og:image:type\" content=\"image\/webp\" \/>\n<meta name=\"twitter:card\" content=\"summary_large_image\" \/>\n<meta name=\"twitter:label1\" content=\"Est. reading time\" \/>\n\t<meta name=\"twitter:data1\" content=\"1 minute\" \/>\n<script type=\"application\/ld+json\" class=\"yoast-schema-graph\">{\"@context\":\"https:\/\/schema.org\",\"@graph\":[{\"@type\":\"WebPage\",\"@id\":\"https:\/\/www.hereness.de\/landwirtschaftliche-produkte\",\"url\":\"https:\/\/www.hereness.de\/en\/en\/landwirtschaftliche-produkte\",\"name\":\"[:de]Agrarprodukte und Verarbeitungsprodukte[:en]Agricultural products and processed products[:] - Hereness GmbH\",\"isPartOf\":{\"@id\":\"https:\/\/www.hereness.de\/#website\"},\"datePublished\":\"2024-11-11T07:25:47+00:00\",\"dateModified\":\"2024-11-29T12:26:35+00:00\",\"description\":\"[:de]Der Katalog der landwirtschaftlichen Produkte und Verarbeitungsprodukte unserer Produktion umfasst Sonnenblumen- und Sojabohnenmehl, Mehl, Kleie und Proteingranulate f\u00fcr die Viehf\u00fctterung zu g\u00fcnstigen Preisen[:en]The catalog of agricultural products and processed products of our production includes sunflower and soybean meal, meal, bran, protein granules for feeding livestock at low prices[:]\",\"breadcrumb\":{\"@id\":\"https:\/\/www.hereness.de\/en\/en\/landwirtschaftliche-produkte#breadcrumb\"},\"inLanguage\":\"en-US\",\"potentialAction\":[{\"@type\":\"ReadAction\",\"target\":[\"https:\/\/www.hereness.de\/en\/en\/landwirtschaftliche-produkte\"]}]},{\"@type\":\"BreadcrumbList\",\"@id\":\"https:\/\/www.hereness.de\/en\/en\/landwirtschaftliche-produkte#breadcrumb\",\"itemListElement\":[{\"@type\":\"ListItem\",\"position\":1,\"name\":\"\u0413\u043e\u043b\u043e\u0432\u043d\u0430\",\"item\":\"https:\/\/www.hereness.de\/\"},{\"@type\":\"ListItem\",\"position\":2,\"name\":\"Landwirtschaftliche Produkte\"}]},{\"@type\":\"WebSite\",\"@id\":\"https:\/\/www.hereness.de\/#website\",\"url\":\"https:\/\/www.hereness.de\/\",\"name\":\"Hereness GmbH\",\"description\":\"\",\"publisher\":{\"@id\":\"https:\/\/www.hereness.de\/#organization\"},\"potentialAction\":[{\"@type\":\"SearchAction\",\"target\":{\"@type\":\"EntryPoint\",\"urlTemplate\":\"https:\/\/www.hereness.de\/?s={search_term_string}\"},\"query-input\":\"required name=search_term_string\"}],\"inLanguage\":\"en-US\"},{\"@type\":\"Organization\",\"@id\":\"https:\/\/www.hereness.de\/#organization\",\"name\":\"Hereness GmbH\",\"url\":\"https:\/\/www.hereness.de\/\",\"logo\":{\"@type\":\"ImageObject\",\"inLanguage\":\"en-US\",\"@id\":\"https:\/\/www.hereness.de\/#\/schema\/logo\/image\/\",\"url\":\"https:\/\/www.hereness.de\/wp-content\/uploads\/2024\/11\/hereness-yellow.webp\",\"contentUrl\":\"https:\/\/www.hereness.de\/wp-content\/uploads\/2024\/11\/hereness-yellow.webp\",\"width\":543,\"height\":156,\"caption\":\"Hereness GmbH\"},\"image\":{\"@id\":\"https:\/\/www.hereness.de\/#\/schema\/logo\/image\/\"}}]}<\/script>\n<!-- \/ Yoast SEO plugin. -->","yoast_head_json":{"title":"[:de]Agrarprodukte und Verarbeitungsprodukte[:en]Agricultural products and processed products[:] - Hereness GmbH","description":"The catalog of agricultural products and processed products of our production includes sunflower and soybean meal, meal, bran, protein granules for feeding livestock at low prices","robots":{"index":"index","follow":"follow","max-snippet":"max-snippet:-1","max-image-preview":"max-image-preview:large","max-video-preview":"max-video-preview:-1"},"canonical":"https:\/\/www.hereness.de\/en\/en\/en\/en\/landwirtschaftliche-produkte","og_locale":"en_US","og_type":"article","og_title":"Agricultural products and processed products - Hereness GmbH","og_description":"The catalog of agricultural products and processed products of our production includes sunflower and soybean meal, meal, bran, protein granules for feeding livestock at low prices","og_url":"https:\/\/www.hereness.de\/landwirtschaftliche-produkte","og_site_name":"Hereness GmbH","article_modified_time":"2024-11-29T12:26:35+00:00","og_image":[{"width":1080,"height":1080,"url":"https:\/\/www.hereness.de\/wp-content\/uploads\/2024\/11\/wellcome-og.webp","type":"image\/webp"}],"twitter_card":"summary_large_image","twitter_misc":{"Est. reading time":"1 minute"},"schema":{"@context":"https:\/\/schema.org","@graph":[{"@type":"WebPage","@id":"https:\/\/www.hereness.de\/landwirtschaftliche-produkte","url":"https:\/\/www.hereness.de\/en\/en\/landwirtschaftliche-produkte","name":"[:de]Agrarprodukte und Verarbeitungsprodukte[:en]Agricultural products and processed products[:] - Hereness GmbH","isPartOf":{"@id":"https:\/\/www.hereness.de\/#website"},"datePublished":"2024-11-11T07:25:47+00:00","dateModified":"2024-11-29T12:26:35+00:00","description":"[:de]Der Katalog der landwirtschaftlichen Produkte und Verarbeitungsprodukte unserer Produktion umfasst Sonnenblumen- und Sojabohnenmehl, Mehl, Kleie und Proteingranulate f\u00fcr die Viehf\u00fctterung zu g\u00fcnstigen Preisen[:en]The catalog of agricultural products and processed products of our production includes sunflower and soybean meal, meal, bran, protein granules for feeding livestock at low prices[:]","breadcrumb":{"@id":"https:\/\/www.hereness.de\/en\/en\/landwirtschaftliche-produkte#breadcrumb"},"inLanguage":"en-US","potentialAction":[{"@type":"ReadAction","target":["https:\/\/www.hereness.de\/en\/en\/landwirtschaftliche-produkte"]}]},{"@type":"BreadcrumbList","@id":"https:\/\/www.hereness.de\/en\/en\/landwirtschaftliche-produkte#breadcrumb","itemListElement":[{"@type":"ListItem","position":1,"name":"\u0413\u043e\u043b\u043e\u0432\u043d\u0430","item":"https:\/\/www.hereness.de\/"},{"@type":"ListItem","position":2,"name":"Landwirtschaftliche Produkte"}]},{"@type":"WebSite","@id":"https:\/\/www.hereness.de\/#website","url":"https:\/\/www.hereness.de\/","name":"Hereness GmbH","description":"","publisher":{"@id":"https:\/\/www.hereness.de\/#organization"},"potentialAction":[{"@type":"SearchAction","target":{"@type":"EntryPoint","urlTemplate":"https:\/\/www.hereness.de\/?s={search_term_string}"},"query-input":"required name=search_term_string"}],"inLanguage":"en-US"},{"@type":"Organization","@id":"https:\/\/www.hereness.de\/#organization","name":"Hereness GmbH","url":"https:\/\/www.hereness.de\/","logo":{"@type":"ImageObject","inLanguage":"en-US","@id":"https:\/\/www.hereness.de\/#\/schema\/logo\/image\/","url":"https:\/\/www.hereness.de\/wp-content\/uploads\/2024\/11\/hereness-yellow.webp","contentUrl":"https:\/\/www.hereness.de\/wp-content\/uploads\/2024\/11\/hereness-yellow.webp","width":543,"height":156,"caption":"Hereness GmbH"},"image":{"@id":"https:\/\/www.hereness.de\/#\/schema\/logo\/image\/"}}]}},"_links":{"self":[{"href":"https:\/\/www.hereness.de\/en\/wp-json\/wp\/v2\/pages\/43","targetHints":{"allow":["GET"]}}],"collection":[{"href":"https:\/\/www.hereness.de\/en\/wp-json\/wp\/v2\/pages"}],"about":[{"href":"https:\/\/www.hereness.de\/en\/wp-json\/wp\/v2\/types\/page"}],"author":[{"embeddable":true,"href":"https:\/\/www.hereness.de\/en\/wp-json\/wp\/v2\/users\/1"}],"replies":[{"embeddable":true,"href":"https:\/\/www.hereness.de\/en\/wp-json\/wp\/v2\/comments?post=43"}],"version-history":[{"count":5,"href":"https:\/\/www.hereness.de\/en\/wp-json\/wp\/v2\/pages\/43\/revisions"}],"predecessor-version":[{"id":194,"href":"https:\/\/www.hereness.de\/en\/wp-json\/wp\/v2\/pages\/43\/revisions\/194"}],"wp:attachment":[{"href":"https:\/\/www.hereness.de\/en\/wp-json\/wp\/v2\/media?parent=43"}],"curies":[{"name":"wp","href":"https:\/\/api.w.org\/{rel}","templated":true}]}}